{"id":1553,"date":"2021-11-06T13:40:02","date_gmt":"2021-11-06T13:40:02","guid":{"rendered":"http:\/\/automated-training.com\/video-category\/"},"modified":"2025-12-03T11:50:29","modified_gmt":"2025-12-03T11:50:29","slug":"video-category","status":"publish","type":"page","link":"https:\/\/automated-training.com\/de\/video-category\/","title":{"rendered":"Demos &amp; Prise"},"content":{"rendered":"<div data-elementor-type=\"wp-page\" data-elementor-id=\"1553\" class=\"elementor elementor-1553\">\n\t\t\t\t\t\t<section class=\"elementor-section elementor-top-section elementor-element elementor-element-1707be1 elementor-section-boxed elementor-section-height-default elementor-section-height-default\" data-id=\"1707be1\" data-element_type=\"section\">\n\t\t\t\t\t\t<div class=\"elementor-container elementor-column-gap-default\">\n\t\t\t\t\t<div class=\"elementor-column elementor-col-100 elementor-top-column elementor-element elementor-element-6c85dea\" data-id=\"6c85dea\" data-element_type=\"column\">\n\t\t\t<div class=\"elementor-widget-wrap elementor-element-populated\">\n\t\t\t\t\t\t<div class=\"elementor-element elementor-element-c53b610 elementor-widget elementor-widget-heading\" data-id=\"c53b610\" data-element_type=\"widget\" data-widget_type=\"heading.default\">\n\t\t\t\t<div class=\"elementor-widget-container\">\n\t\t\t\t\t<h1 class=\"elementor-heading-title elementor-size-default\">eLearning-Demos: Kategorien und Preise\n\n<\/h1>\t\t\t\t<\/div>\n\t\t\t\t<\/div>\n\t\t\t\t\t<\/div>\n\t\t<\/div>\n\t\t\t\t\t<\/div>\n\t\t<\/section>\n\t\t\t\t<section class=\"elementor-section elementor-top-section elementor-element elementor-element-586a898 elementor-section-full_width elementor-section-height-min-height elementor-section-height-default elementor-section-items-middle\" data-id=\"586a898\" data-element_type=\"section\" data-settings=\"{&quot;background_background&quot;:&quot;classic&quot;}\">\n\t\t\t\t\t\t<div class=\"elementor-container elementor-column-gap-default\">\n\t\t\t\t\t<div class=\"elementor-column elementor-col-100 elementor-top-column elementor-element elementor-element-b61dcb4\" data-id=\"b61dcb4\" data-element_type=\"column\">\n\t\t\t<div class=\"elementor-widget-wrap elementor-element-populated\">\n\t\t\t\t\t\t<div class=\"elementor-element elementor-element-f6c1b15 elementor-widget elementor-widget-heading\" data-id=\"f6c1b15\" data-element_type=\"widget\" data-widget_type=\"heading.default\">\n\t\t\t\t<div class=\"elementor-widget-container\">\n\t\t\t\t\t<h2 class=\"elementor-heading-title elementor-size-default\">Entdecken Sie die digitale Lernerfahrung<\/h2>\t\t\t\t<\/div>\n\t\t\t\t<\/div>\n\t\t\t\t<div class=\"elementor-element elementor-element-75c5b76 elementor-widget elementor-widget-text-editor\" data-id=\"75c5b76\" data-element_type=\"widget\" data-widget_type=\"text-editor.default\">\n\t\t\t\t<div class=\"elementor-widget-container\">\n\t\t\t\t\t\t\t\t\t<p>\u00a0<\/p><p>Um Ihnen zu verdeutlichen, was m\u00f6glich ist, und Ihnen einen Eindruck von der Qualit\u00e4t unserer Arbeit zu vermitteln, bieten wir Ihnen eine kurze Auswahl an E-Learning Demos, dynamischen und animierten PowerPoint-Pr\u00e4sentationen, Erkl\u00e4rvideos und Teasern f\u00fcr soziale Medien.<\/p><h3 data-start=\"468\" data-end=\"498\"><strong data-start=\"472\" data-end=\"496\">1. Digitale Schulungen \/ E-Learning-Demos<\/strong><\/h3><p data-start=\"499\" data-end=\"656\">Diese E-Learning Demos sollen Ihnen einen ersten Eindruck davon vermitteln, wie Ihre Inhalte nach der Digitalisierung aussehen k\u00f6nnten \u2013 und wie hoch die ungef\u00e4hren Investitionskosten sein werden. Die Preise sind in den Kategorien aufgef\u00fchrt.<\/p><p data-start=\"499\" data-end=\"656\">In der unten aufgef\u00fchrten Kategorie finden Sie einige kurze Beispiele daf\u00fcr, wie traditionelle Lernmaterialien in ansprechende, interaktive digitale Module umgewandelt werden k\u00f6nnen, die f\u00fcr moderne Lernumgebungen geeignet sind.<\/p><h3 data-start=\"658\" data-end=\"717\"><strong data-start=\"662\" data-end=\"715\">2. Professionelle animierte PowerPoint-Pr\u00e4sentationen<\/strong><\/h3><p data-start=\"718\" data-end=\"871\">Eine gut gestaltete Pr\u00e4sentation ist viel mehr als eine Sammlung von Folien \u2013 sie ist ein strategisches Instrument, das die Wahrnehmung pr\u00e4gen, das Verst\u00e4ndnis verbessern und Entscheidungen vorantreiben kann. Ganz gleich, ob Sie mit Kunden sprechen, <a href=\"https:\/\/automated-training.com\/de\/presentation-vs-training\/\">Auszubildende<\/a>oder Entscheidungstr\u00e4gern kann die Art und Weise, wie Sie Inhalte pr\u00e4sentieren, den entscheidenden Unterschied ausmachen.<\/p><p data-start=\"718\" data-end=\"871\">Hier finden Sie eine Vorschau darauf, wie Ihre Pr\u00e4sentationen in \u00fcbersichtliche, moderne und optisch ansprechende Folien umgestaltet werden k\u00f6nnen, die eine klare Kommunikation und eine st\u00e4rkere Wirkung unterst\u00fctzen.<\/p><h3 data-start=\"873\" data-end=\"927\"><strong data-start=\"877\" data-end=\"925\">3. Erkl\u00e4rvideos &amp; Teaser f\u00fcr soziale Medien<\/strong><\/h3><p data-start=\"928\" data-end=\"1083\">Diese Sammlung enth\u00e4lt Beispielclips, die zeigen, wie komplexe Themen in einfache, visuelle Erkl\u00e4rungen umgewandelt werden k\u00f6nnen \u2013 zusammen mit kurzen Werbetrailern, die f\u00fcr eine schnelle Einbindung optimiert sind.<\/p><p data-start=\"928\" data-end=\"1083\">Jede Demo ist eine vereinfachte Version des Endprodukts, die ausschlie\u00dflich dazu dient, Ihnen zu helfen, das Potenzial Ihrer eigenen Materialien zu visualisieren und den Umfang zuk\u00fcnftiger Projekte abzusch\u00e4tzen. Ausf\u00fchrlichere Beschreibungen und Preisinformationen finden Sie auf der entsprechenden Serviceseite.<\/p>\t\t\t\t\t\t\t\t<\/div>\n\t\t\t\t<\/div>\n\t\t\t\t\t<\/div>\n\t\t<\/div>\n\t\t\t\t\t<\/div>\n\t\t<\/section>\n\t\t\t\t<section class=\"elementor-section elementor-top-section elementor-element elementor-element-4d6f53e elementor-section-boxed elementor-section-height-default elementor-section-height-default\" data-id=\"4d6f53e\" data-element_type=\"section\">\n\t\t\t\t\t\t<div class=\"elementor-container elementor-column-gap-default\">\n\t\t\t\t\t<div class=\"elementor-column elementor-col-100 elementor-top-column elementor-element elementor-element-67dca30d\" data-id=\"67dca30d\" data-element_type=\"column\">\n\t\t\t<div class=\"elementor-widget-wrap elementor-element-populated\">\n\t\t\t\t\t\t<section class=\"elementor-section elementor-inner-section elementor-element elementor-element-b9a7fe7 elementor-section-boxed elementor-section-height-default elementor-section-height-default\" data-id=\"b9a7fe7\" data-element_type=\"section\">\n\t\t\t\t\t\t<div class=\"elementor-container elementor-column-gap-default\">\n\t\t\t\t\t<div class=\"elementor-column elementor-col-100 elementor-inner-column elementor-element elementor-element-598ccbd\" data-id=\"598ccbd\" data-element_type=\"column\">\n\t\t\t<div class=\"elementor-widget-wrap elementor-element-populated\">\n\t\t\t\t\t\t\t<\/div>\n\t\t<\/div>\n\t\t\t\t\t<\/div>\n\t\t<\/section>\n\t\t\t\t<div class=\"elementor-element elementor-element-28d39791 elementor-widget elementor-widget-shortcode\" data-id=\"28d39791\" data-element_type=\"widget\" data-widget_type=\"shortcode.default\">\n\t\t\t\t<div class=\"elementor-widget-container\">\n\t\t\t\t\t\t\t<div class=\"elementor-shortcode\"><p class=\"aiovg-breadcrumbs\"><span><a href=\"https:\/\/automated-training.com\/de\">Startseite<\/a><\/span> \u00bb <span>Kategorie<\/span><\/p>\r\n<div id=\"aiovg-69fb1252639421\" class=\"aiovg aiovg-categories aiovg-categories-template-grid\">\r\n        \r\n    <div class=\"aiovg-section-categories aiovg-grid aiovg-row\">\r\n                    \r\n            <div class=\"aiovg-item-category aiovg-item-category-82 aiovg-col aiovg-col-3 aiovg-col-xs-2\" data-id=\"82\">\t\t\r\n                \n<div class=\"aiovg-thumbnail\">\n    <a href=\"https:\/\/automated-training.com\/de\/video-category-2\/digital-trainings-examples\/\" class=\"aiovg-responsive-container\" style=\"padding-bottom: 56.25%;\"><img decoding=\"async\" src=\"https:\/\/automated-training.com\/wp-content\/uploads\/2025\/11\/Digital-Trainings-Examples-300x168.jpg\" alt=\"1. Digital Trainings Examples\" class=\"aiovg-responsive-element\"\/><\/a>    \n    <div class=\"aiovg-caption\">\n        <div class=\"aiovg-title\">\n            <a href=\"https:\/\/automated-training.com\/de\/video-category-2\/digital-trainings-examples\/\" class=\"aiovg-link-title\">\n                1. Beispiele f\u00fcr digitale Schulungen            <\/a>\n        <\/div>        \n\n                    <div class=\"aiovg-count aiovg-flex aiovg-gap-1 aiovg-items-center aiovg-text-muted aiovg-text-small\">\n                <svg xmlns=\"http:\/\/www.w3.org\/2000\/svg\" fill=\"none\" width=\"16\" height=\"16\" viewbox=\"0 0 24 24\" stroke-width=\"1.5\" stroke=\"currentColor\" class=\"aiovg-flex-shrink-0\">\n                    <path stroke-linecap=\"round\" stroke-linejoin=\"round\" d=\"M21 12a9 9 0 1 1-18 0 9 9 0 0 1 18 0Z\" \/>\n                    <path stroke-linecap=\"round\" stroke-linejoin=\"round\" d=\"M15.91 11.672a.375.375 0 0 1 0 .656l-5.603 3.113a.375.375 0 0 1-.557-.328V8.887c0-.286.307-.466.557-.327l5.603 3.112Z\" \/>\n                <\/svg>\n                6 videos            <\/div>\n         \n        \n            <\/div>            \t\t\t\n<\/div>\t\t\r\n            <\/div> \r\n                    \r\n            <div class=\"aiovg-item-category aiovg-item-category-44 aiovg-col aiovg-col-3 aiovg-col-xs-2\" data-id=\"44\">\t\t\r\n                \n<div class=\"aiovg-thumbnail\">\n    <a href=\"https:\/\/automated-training.com\/de\/video-category-2\/professional-animated-powerpoint-presentations\/\" class=\"aiovg-responsive-container\" style=\"padding-bottom: 56.25%;\"><img decoding=\"async\" src=\"https:\/\/automated-training.com\/wp-content\/uploads\/2025\/11\/Professional-Animated-PowerPoint-Presentations-300x300.png\" alt=\"Professional Animated PowerPoint Presentations\" class=\"aiovg-responsive-element\"\/><\/a>    \n    <div class=\"aiovg-caption\">\n        <div class=\"aiovg-title\">\n            <a href=\"https:\/\/automated-training.com\/de\/video-category-2\/professional-animated-powerpoint-presentations\/\" class=\"aiovg-link-title\">\n                2. Professionelle animierte PowerPoint-Pr\u00e4sentationen            <\/a>\n        <\/div>        \n\n                    <div class=\"aiovg-count aiovg-flex aiovg-gap-1 aiovg-items-center aiovg-text-muted aiovg-text-small\">\n                <svg xmlns=\"http:\/\/www.w3.org\/2000\/svg\" fill=\"none\" width=\"16\" height=\"16\" viewbox=\"0 0 24 24\" stroke-width=\"1.5\" stroke=\"currentColor\" class=\"aiovg-flex-shrink-0\">\n                    <path stroke-linecap=\"round\" stroke-linejoin=\"round\" d=\"M21 12a9 9 0 1 1-18 0 9 9 0 0 1 18 0Z\" \/>\n                    <path stroke-linecap=\"round\" stroke-linejoin=\"round\" d=\"M15.91 11.672a.375.375 0 0 1 0 .656l-5.603 3.113a.375.375 0 0 1-.557-.328V8.887c0-.286.307-.466.557-.327l5.603 3.112Z\" \/>\n                <\/svg>\n                2 videos            <\/div>\n         \n        \n            <\/div>            \t\t\t\n<\/div>\t\t\r\n            <\/div> \r\n                    \r\n            <div class=\"aiovg-item-category aiovg-item-category-43 aiovg-col aiovg-col-3 aiovg-col-xs-2\" data-id=\"43\">\t\t\r\n                \n<div class=\"aiovg-thumbnail\">\n    <a href=\"https:\/\/automated-training.com\/de\/video-category-2\/explanation-videos-social-media-teasers\/\" class=\"aiovg-responsive-container\" style=\"padding-bottom: 56.25%;\"><img decoding=\"async\" src=\"https:\/\/automated-training.com\/wp-content\/uploads\/2022\/10\/TUV-NORD-Social-media-teaser-300x169.png\" alt=\"TUV NORD Social media teaser\" class=\"aiovg-responsive-element\"\/><\/a>    \n    <div class=\"aiovg-caption\">\n        <div class=\"aiovg-title\">\n            <a href=\"https:\/\/automated-training.com\/de\/video-category-2\/explanation-videos-social-media-teasers\/\" class=\"aiovg-link-title\">\n                3 Erkl\u00e4rvideos | Teaser f\u00fcr soziale Medien            <\/a>\n        <\/div>        \n\n                    <div class=\"aiovg-count aiovg-flex aiovg-gap-1 aiovg-items-center aiovg-text-muted aiovg-text-small\">\n                <svg xmlns=\"http:\/\/www.w3.org\/2000\/svg\" fill=\"none\" width=\"16\" height=\"16\" viewbox=\"0 0 24 24\" stroke-width=\"1.5\" stroke=\"currentColor\" class=\"aiovg-flex-shrink-0\">\n                    <path stroke-linecap=\"round\" stroke-linejoin=\"round\" d=\"M21 12a9 9 0 1 1-18 0 9 9 0 0 1 18 0Z\" \/>\n                    <path stroke-linecap=\"round\" stroke-linejoin=\"round\" d=\"M15.91 11.672a.375.375 0 0 1 0 .656l-5.603 3.113a.375.375 0 0 1-.557-.328V8.887c0-.286.307-.466.557-.327l5.603 3.112Z\" \/>\n                <\/svg>\n                4 videos            <\/div>\n         \n        \n            <\/div>            \t\t\t\n<\/div>\t\t\r\n            <\/div> \r\n            <\/div>\r\n\r\n    <\/div><\/div>\n\t\t\t\t\t\t<\/div>\n\t\t\t\t<\/div>\n\t\t\t\t\t<\/div>\n\t\t<\/div>\n\t\t\t\t\t<\/div>\n\t\t<\/section>\n\t\t\t\t<\/div>","protected":false},"excerpt":{"rendered":"<p>eLearning Demos: Categories &amp; Prices Unlock the Digital Learning Experience \u00a0 To help you understand what\u2019s possible and get a clear feel for the quality of our work, we provide a short sample of eLearning demos, dynamic and animated PowerPoint presentations, explanation video and social media teasers. 1. Digital Trainings \/ eLearning Demos These eLearning [&hellip;]<\/p>","protected":false},"author":1,"featured_media":12638,"parent":0,"menu_order":0,"comment_status":"closed","ping_status":"closed","template":"elementor_theme","meta":{"advgb_blocks_editor_width":"","advgb_blocks_columns_visual_guide":"","footnotes":""},"class_list":["post-1553","page","type-page","status-publish","has-post-thumbnail","hentry"],"blocksy_meta":{"styles_descriptor":{"styles":{"desktop":"","tablet":"","mobile":""},"google_fonts":[],"version":6}},"yoast_head":"<!-- This site is optimized with the Yoast SEO plugin v27.5 - https:\/\/yoast.com\/product\/yoast-seo-wordpress\/ -->\n<title>Demos &amp; Prices - Automated Training<\/title>\n<meta name=\"description\" content=\"These eLearning demos are designed to give you an initial idea of what your content can look like once digitalized and the required investment.\" \/>\n<meta name=\"robots\" content=\"index, follow, max-snippet:-1, max-image-preview:large, max-video-preview:-1\" \/>\n<link rel=\"canonical\" href=\"http:\/\/automated-training.com\/de\/video-category\/\" \/>\n<meta property=\"og:locale\" content=\"de_DE\" \/>\n<meta property=\"og:type\" content=\"article\" \/>\n<meta property=\"og:title\" content=\"Demos &amp; Prices - Automated Training\" \/>\n<meta property=\"og:description\" content=\"These eLearning demos are designed to give you an initial idea of what your content can look like once digitalized and the required investment.\" \/>\n<meta property=\"og:url\" content=\"http:\/\/automated-training.com\/de\/video-category\/\" \/>\n<meta property=\"og:site_name\" content=\"Automated Training\" \/>\n<meta property=\"article:modified_time\" content=\"2025-12-03T11:50:29+00:00\" \/>\n<meta property=\"og:image\" content=\"http:\/\/automated-training.com\/wp-content\/uploads\/2025\/11\/Gamification-in-elearning.jpg\" \/>\n\t<meta property=\"og:image:width\" content=\"1376\" \/>\n\t<meta property=\"og:image:height\" content=\"768\" \/>\n\t<meta property=\"og:image:type\" content=\"image\/jpeg\" \/>\n<meta name=\"twitter:card\" content=\"summary_large_image\" \/>\n<meta name=\"twitter:label1\" content=\"Gesch\u00e4tzte Lesezeit\" \/>\n\t<meta name=\"twitter:data1\" content=\"1\u00a0Minute\" \/>\n<script type=\"application\/ld+json\" class=\"yoast-schema-graph\">{\"@context\":\"https:\\\/\\\/schema.org\",\"@graph\":[{\"@type\":\"WebPage\",\"@id\":\"http:\\\/\\\/automated-training.com\\\/video-category\\\/\",\"url\":\"http:\\\/\\\/automated-training.com\\\/video-category\\\/\",\"name\":\"Demos &amp; Prices - Automated Training\",\"isPartOf\":{\"@id\":\"https:\\\/\\\/automated-training.com\\\/#website\"},\"primaryImageOfPage\":{\"@id\":\"http:\\\/\\\/automated-training.com\\\/video-category\\\/#primaryimage\"},\"image\":{\"@id\":\"http:\\\/\\\/automated-training.com\\\/video-category\\\/#primaryimage\"},\"thumbnailUrl\":\"https:\\\/\\\/automated-training.com\\\/wp-content\\\/uploads\\\/2025\\\/11\\\/Gamification-in-elearning.jpg\",\"datePublished\":\"2021-11-06T13:40:02+00:00\",\"dateModified\":\"2025-12-03T11:50:29+00:00\",\"description\":\"These eLearning demos are designed to give you an initial idea of what your content can look like once digitalized and the required investment.\",\"breadcrumb\":{\"@id\":\"http:\\\/\\\/automated-training.com\\\/video-category\\\/#breadcrumb\"},\"inLanguage\":\"de\",\"potentialAction\":[{\"@type\":\"ReadAction\",\"target\":[\"http:\\\/\\\/automated-training.com\\\/video-category\\\/\"]}]},{\"@type\":\"ImageObject\",\"inLanguage\":\"de\",\"@id\":\"http:\\\/\\\/automated-training.com\\\/video-category\\\/#primaryimage\",\"url\":\"https:\\\/\\\/automated-training.com\\\/wp-content\\\/uploads\\\/2025\\\/11\\\/Gamification-in-elearning.jpg\",\"contentUrl\":\"https:\\\/\\\/automated-training.com\\\/wp-content\\\/uploads\\\/2025\\\/11\\\/Gamification-in-elearning.jpg\",\"width\":1376,\"height\":768,\"caption\":\"eLearning Demos\"},{\"@type\":\"BreadcrumbList\",\"@id\":\"http:\\\/\\\/automated-training.com\\\/video-category\\\/#breadcrumb\",\"itemListElement\":[{\"@type\":\"ListItem\",\"position\":1,\"name\":\"Home\",\"item\":\"https:\\\/\\\/automated-training.com\\\/\"},{\"@type\":\"ListItem\",\"position\":2,\"name\":\"Demos &amp; Prices\"}]},{\"@type\":\"WebSite\",\"@id\":\"https:\\\/\\\/automated-training.com\\\/#website\",\"url\":\"https:\\\/\\\/automated-training.com\\\/\",\"name\":\"Automated Training\",\"description\":\"Digital Training Company\",\"publisher\":{\"@id\":\"https:\\\/\\\/automated-training.com\\\/#organization\"},\"potentialAction\":[{\"@type\":\"SearchAction\",\"target\":{\"@type\":\"EntryPoint\",\"urlTemplate\":\"https:\\\/\\\/automated-training.com\\\/?s={search_term_string}\"},\"query-input\":{\"@type\":\"PropertyValueSpecification\",\"valueRequired\":true,\"valueName\":\"search_term_string\"}}],\"inLanguage\":\"de\"},{\"@type\":\"Organization\",\"@id\":\"https:\\\/\\\/automated-training.com\\\/#organization\",\"name\":\"Automated Training\",\"url\":\"https:\\\/\\\/automated-training.com\\\/\",\"logo\":{\"@type\":\"ImageObject\",\"inLanguage\":\"de\",\"@id\":\"https:\\\/\\\/automated-training.com\\\/#\\\/schema\\\/logo\\\/image\\\/\",\"url\":\"https:\\\/\\\/automated-training.com\\\/wp-content\\\/uploads\\\/2022\\\/05\\\/Automated-Training-transparent.png\",\"contentUrl\":\"https:\\\/\\\/automated-training.com\\\/wp-content\\\/uploads\\\/2022\\\/05\\\/Automated-Training-transparent.png\",\"width\":2300,\"height\":1600,\"caption\":\"Automated Training\"},\"image\":{\"@id\":\"https:\\\/\\\/automated-training.com\\\/#\\\/schema\\\/logo\\\/image\\\/\"}}]}<\/script>\n<!-- \/ Yoast SEO plugin. -->","yoast_head_json":{"title":"Demos &amp; Prices - Automated Training","description":"These eLearning demos are designed to give you an initial idea of what your content can look like once digitalized and the required investment.","robots":{"index":"index","follow":"follow","max-snippet":"max-snippet:-1","max-image-preview":"max-image-preview:large","max-video-preview":"max-video-preview:-1"},"canonical":"http:\/\/automated-training.com\/de\/video-category\/","og_locale":"de_DE","og_type":"article","og_title":"Demos &amp; Prices - Automated Training","og_description":"These eLearning demos are designed to give you an initial idea of what your content can look like once digitalized and the required investment.","og_url":"http:\/\/automated-training.com\/de\/video-category\/","og_site_name":"Automated Training","article_modified_time":"2025-12-03T11:50:29+00:00","og_image":[{"width":1376,"height":768,"url":"http:\/\/automated-training.com\/wp-content\/uploads\/2025\/11\/Gamification-in-elearning.jpg","type":"image\/jpeg"}],"twitter_card":"summary_large_image","twitter_misc":{"Gesch\u00e4tzte Lesezeit":"1\u00a0Minute"},"schema":{"@context":"https:\/\/schema.org","@graph":[{"@type":"WebPage","@id":"http:\/\/automated-training.com\/video-category\/","url":"http:\/\/automated-training.com\/video-category\/","name":"Demos &amp; Prices - Automated Training","isPartOf":{"@id":"https:\/\/automated-training.com\/#website"},"primaryImageOfPage":{"@id":"http:\/\/automated-training.com\/video-category\/#primaryimage"},"image":{"@id":"http:\/\/automated-training.com\/video-category\/#primaryimage"},"thumbnailUrl":"https:\/\/automated-training.com\/wp-content\/uploads\/2025\/11\/Gamification-in-elearning.jpg","datePublished":"2021-11-06T13:40:02+00:00","dateModified":"2025-12-03T11:50:29+00:00","description":"These eLearning demos are designed to give you an initial idea of what your content can look like once digitalized and the required investment.","breadcrumb":{"@id":"http:\/\/automated-training.com\/video-category\/#breadcrumb"},"inLanguage":"de","potentialAction":[{"@type":"ReadAction","target":["http:\/\/automated-training.com\/video-category\/"]}]},{"@type":"ImageObject","inLanguage":"de","@id":"http:\/\/automated-training.com\/video-category\/#primaryimage","url":"https:\/\/automated-training.com\/wp-content\/uploads\/2025\/11\/Gamification-in-elearning.jpg","contentUrl":"https:\/\/automated-training.com\/wp-content\/uploads\/2025\/11\/Gamification-in-elearning.jpg","width":1376,"height":768,"caption":"eLearning Demos"},{"@type":"BreadcrumbList","@id":"http:\/\/automated-training.com\/video-category\/#breadcrumb","itemListElement":[{"@type":"ListItem","position":1,"name":"Home","item":"https:\/\/automated-training.com\/"},{"@type":"ListItem","position":2,"name":"Demos &amp; Prices"}]},{"@type":"WebSite","@id":"https:\/\/automated-training.com\/#website","url":"https:\/\/automated-training.com\/","name":"Automated Training","description":"Digital Training Company","publisher":{"@id":"https:\/\/automated-training.com\/#organization"},"potentialAction":[{"@type":"SearchAction","target":{"@type":"EntryPoint","urlTemplate":"https:\/\/automated-training.com\/?s={search_term_string}"},"query-input":{"@type":"PropertyValueSpecification","valueRequired":true,"valueName":"search_term_string"}}],"inLanguage":"de"},{"@type":"Organization","@id":"https:\/\/automated-training.com\/#organization","name":"Automated Training","url":"https:\/\/automated-training.com\/","logo":{"@type":"ImageObject","inLanguage":"de","@id":"https:\/\/automated-training.com\/#\/schema\/logo\/image\/","url":"https:\/\/automated-training.com\/wp-content\/uploads\/2022\/05\/Automated-Training-transparent.png","contentUrl":"https:\/\/automated-training.com\/wp-content\/uploads\/2022\/05\/Automated-Training-transparent.png","width":2300,"height":1600,"caption":"Automated Training"},"image":{"@id":"https:\/\/automated-training.com\/#\/schema\/logo\/image\/"}}]}},"coauthors":[],"author_meta":{"author_link":"https:\/\/automated-training.com\/de\/author\/tauandreea8\/","display_name":"andreea"},"relative_dates":{"created":"Posted 4\u00a0Jahren ago","modified":"Updated 5\u00a0Monaten ago"},"absolute_dates":{"created":"Posted on November 6, 2021","modified":"Updated on Dezember 3, 2025"},"absolute_dates_time":{"created":"Posted on November 6, 2021 1:40 p.m.","modified":"Updated on Dezember 3, 2025 11:50 a.m."},"featured_img_caption":"","featured_img":"https:\/\/automated-training.com\/wp-content\/uploads\/2025\/11\/Gamification-in-elearning.jpg","series_order":"","_links":{"self":[{"href":"https:\/\/automated-training.com\/de\/wp-json\/wp\/v2\/pages\/1553","targetHints":{"allow":["GET"]}}],"collection":[{"href":"https:\/\/automated-training.com\/de\/wp-json\/wp\/v2\/pages"}],"about":[{"href":"https:\/\/automated-training.com\/de\/wp-json\/wp\/v2\/types\/page"}],"author":[{"embeddable":true,"href":"https:\/\/automated-training.com\/de\/wp-json\/wp\/v2\/users\/1"}],"replies":[{"embeddable":true,"href":"https:\/\/automated-training.com\/de\/wp-json\/wp\/v2\/comments?post=1553"}],"version-history":[{"count":5,"href":"https:\/\/automated-training.com\/de\/wp-json\/wp\/v2\/pages\/1553\/revisions"}],"predecessor-version":[{"id":13185,"href":"https:\/\/automated-training.com\/de\/wp-json\/wp\/v2\/pages\/1553\/revisions\/13185"}],"wp:featuredmedia":[{"embeddable":true,"href":"https:\/\/automated-training.com\/de\/wp-json\/wp\/v2\/media\/12638"}],"wp:attachment":[{"href":"https:\/\/automated-training.com\/de\/wp-json\/wp\/v2\/media?parent=1553"}],"curies":[{"name":"wp","href":"https:\/\/api.w.org\/{rel}","templated":true}]}}