{"id":12853,"date":"2025-11-19T12:21:56","date_gmt":"2025-11-19T12:21:56","guid":{"rendered":"https:\/\/automated-training.com\/?page_id=12853"},"modified":"2025-12-04T15:38:58","modified_gmt":"2025-12-04T15:38:58","slug":"frequently-asked-questions","status":"publish","type":"page","link":"https:\/\/automated-training.com\/de\/frequently-asked-questions\/","title":{"rendered":"H\u00e4ufig gestellte Fragen"},"content":{"rendered":"<div data-elementor-type=\"wp-page\" data-elementor-id=\"12853\" class=\"elementor elementor-12853\">\n\t\t\t\t\t\t<section class=\"elementor-section elementor-top-section elementor-element elementor-element-87043ce elementor-section-boxed elementor-section-height-default elementor-section-height-default\" data-id=\"87043ce\" data-element_type=\"section\">\n\t\t\t\t\t\t<div class=\"elementor-container elementor-column-gap-default\">\n\t\t\t\t\t<div class=\"elementor-column elementor-col-100 elementor-top-column elementor-element elementor-element-d54464e\" data-id=\"d54464e\" data-element_type=\"column\">\n\t\t\t<div class=\"elementor-widget-wrap elementor-element-populated\">\n\t\t\t\t\t\t<div class=\"elementor-element elementor-element-3a6b754 elementor-widget elementor-widget-heading\" data-id=\"3a6b754\" data-element_type=\"widget\" data-widget_type=\"heading.default\">\n\t\t\t\t<div class=\"elementor-widget-container\">\n\t\t\t\t\t<h2 class=\"elementor-heading-title elementor-size-default\">H\u00e4ufig gestellte Fragen<\/h2>\t\t\t\t<\/div>\n\t\t\t\t<\/div>\n\t\t\t\t\t<\/div>\n\t\t<\/div>\n\t\t\t\t\t<\/div>\n\t\t<\/section>\n\t\t\t\t<section class=\"elementor-section elementor-top-section elementor-element elementor-element-7f1b990c elementor-section-boxed elementor-section-height-default elementor-section-height-default\" data-id=\"7f1b990c\" data-element_type=\"section\">\n\t\t\t\t\t\t<div class=\"elementor-container elementor-column-gap-default\">\n\t\t\t\t\t<div class=\"elementor-column elementor-col-100 elementor-top-column elementor-element elementor-element-ff605e6\" data-id=\"ff605e6\" data-element_type=\"column\">\n\t\t\t<div class=\"elementor-widget-wrap elementor-element-populated\">\n\t\t\t\t\t\t<div class=\"elementor-element elementor-element-1348dcce elementor-widget elementor-widget-text-editor\" data-id=\"1348dcce\" data-element_type=\"widget\" data-widget_type=\"text-editor.default\">\n\t\t\t\t<div class=\"elementor-widget-container\">\n\t\t\t\t\t\t\t\t\t\n<h3 class=\"wp-block-heading\"><strong>Wie lange dauert die Digitalisierung der Ausbildung?<\/strong><\/h3>\n\n<p>Der Zeitplan h\u00e4ngt von der Komplexit\u00e4t, der Anzahl der Module und davon ab, ob der Text geliefert wird oder von uns erstellt werden muss:<\/p>\n\n<ul class=\"wp-block-list\">\n<li>Single module (15-30 min): 2-4 weeks<\/li>\n\n<li>Kleine Kurse (3\u20135 Module): 8\u201312 Wochen<\/li>\n\n<li>Gro\u00dfe Kurse (10+ Module): 14\u201318 Wochen<\/li>\n<\/ul>\n\n<p>Eilauftr\u00e4ge sind gegen eine geringe Geb\u00fchr m\u00f6glich, wodurch sich die Lieferzeiten um 30\u201340 % verk\u00fcrzen.<\/p>\n\n<h3 class=\"wp-block-heading\"><strong>Brauchen Sie mich um den gesamten Inhalt zu schreiben<\/strong><\/h3>\n\n<p>Nein! Wir k\u00f6nnen mit allem arbeiten, was Sie haben:<\/p>\n\n<ul class=\"wp-block-list\">\n<li>Vorhandene PowerPoint-Pr\u00e4sentationen<\/li>\n\n<li>Schulungshandb\u00fccher oder Dokumentation<\/li>\n\n<li>Fachwissen (wir werden sie befragen)<\/li>\n\n<li>Videoaufzeichnungen von Live-Schulungen<\/li>\n\n<li>Grobe Umrisse oder Stichpunkte<\/li>\n<\/ul>\n\n<p>Unsere Instructional Designer verwandeln Rohinhalte in effektive Lernerfahrungen.<\/p>\n\n<h3 class=\"wp-block-heading\"><strong>Wem geh\u00f6ren die vollst\u00e4ndigen Rechte an dem produzierten Material?<\/strong><\/h3>\n\n<p>Ihnen, nat\u00fcrlich! Alle Rechte gehen mit Begleichung der Rechnung auf Sie \u00fcber.<\/p>\n\n<h3 class=\"wp-block-heading\"><strong>Was ist, wenn ich kein Learning Management System (LMS) habe?<\/strong><\/h3>\n\n<p>Kein problem!<\/p>\n\n<p>Wir bieten Schulungen in verschiedenen Formaten an:<\/p>\n\n<ul class=\"wp-block-list\">\n<li>Eigenst\u00e4ndiges HTML5, das in jedem Browser funktioniert<\/li>\n\n<li>Links, die Sie per E-Mail oder Intranet teilen k\u00f6nnen<\/li>\n\n<li>Pakete, die auf Ihrem Server gespeichert werden k\u00f6nnen<\/li>\n<\/ul>\n\n<p>Wir k\u00f6nnen Ihnen auch dabei helfen, das beste LMS zu finden, das Ihren Anforderungen und Bed\u00fcrfnissen entspricht.<\/p>\n\n<p>Wir bieten Lizenzen f\u00fcr unser LMS an.<\/p>\n\n<h3 class=\"wp-block-heading\"><strong>Kann ich den Inhalt sp\u00e4ter aktualisieren?<\/strong><\/h3>\n\n<p>Ja! Optionen f\u00fcr Updates:<\/p>\n\n<ul class=\"wp-block-list\">\n<li><strong>Nur-Text-Schulung:<\/strong> Am einfachsten zu aktualisieren \u2013 wir k\u00f6nnen Texte schnell \u00e4ndern\u00a0<\/li>\n\n<li><strong>Sprechertraining:<\/strong> Textaktualisierungen einfach; bei \u00c4nderungen ist eine Neuaufnahme des Audios erforderlich.\u00a0<\/li>\n\n<li><strong>Synchronisiertes Training:<\/strong> Komplexer zu aktualisieren, aber dennoch \u00fcberschaubar\u00a0<\/li>\n<\/ul>\n\n<h3 class=\"wp-block-heading\"><strong>Wie gehen Sie mit unserem Branding um?<\/strong><\/h3>\n\n<p>Wir integrieren Ihre Marke durchg\u00e4ngig:<\/p>\n\n<ul class=\"wp-block-list\">\n<li>Verwenden Sie Ihr Logo, Ihre Farben und Schriftarten.<\/li>\n\n<li>Wir halten uns an Ihre Markenrichtlinien.<\/li>\n\n<li>Wir passen uns Ihrem visuellen Stil an<\/li>\n\n<li>F\u00fcgen Sie Ihre Terminologie und Ihren Stil hinzu<\/li>\n<\/ul>\n\n<p>Die Schulung sieht so aus, als stamme sie aus Ihrem Unternehmen und nicht von einem externen Anbieter.<\/p>\n\n<h3 class=\"wp-block-heading\"><strong>Welche Sprachen unterst\u00fctzen Sie?<\/strong><\/h3>\n\n<p>Prim\u00e4rproduktion in Englisch, Deutsch, Rum\u00e4nisch, Spanisch und Italienisch. Weitere Sprachen sind \u00fcber unser Netzwerk von \u00dcbersetzungspartnern verf\u00fcgbar.<\/p>\n\n<p>Alle Sprachen umfassen:<\/p>\n\n<ul class=\"wp-block-list\">\n<li>\u00dcbersetzter Bildschirmtext<\/li>\n\n<li>Muttersprachliche Sprachaufnahmen (falls zutreffend)<\/li>\n\n<li>Kulturelle Anpassung, wo erforderlich<\/li>\n\n<li>Lokalisierte Beispiele und Szenarien<\/li>\n<\/ul>\n\n<h3 class=\"wp-block-heading\"><strong>Wie kann ich feststellen, ob die Mitarbeiter tats\u00e4chlich etwas gelernt haben?<\/strong><\/h3>\n\n<p>Wir bauen mehrere Bewertungsebenen ein:<\/p>\n\n<ul class=\"wp-block-list\">\n<li>Wissens\u00fcberpr\u00fcfungen in allen Modulen<\/li>\n\n<li>Bewertungen am Ende des Moduls<\/li>\n\n<li>Szenariobasierte Anwendungstests<\/li>\n\n<li>Leistungs\u00fcberwachungs-Dashboard (im LMS)<\/li>\n\n<li>Abschlusszertifikate, die an Mindestpunktzahlen gekn\u00fcpft sind<\/li>\n<\/ul>\n\n<p>Sie sehen genau, wer was wann abgeschlossen hat und wie gut die Ergebnisse waren.<\/p>\n<h3 class=\"font-claude-response-body whitespace-normal break-words\"><strong>Ben\u00f6tigen wir spezielle technische F\u00e4higkeiten?<\/strong><\/h3>\n<p class=\"font-claude-response-body whitespace-normal break-words\">Nein. Moderne LMS-Plattformen sind f\u00fcr technisch nicht versierte Benutzer konzipiert. Wenn Sie E-Mails und Websites nutzen k\u00f6nnen, k\u00f6nnen Sie auch digitale Schulungen verwalten. Die meisten Plattformen bieten Schulungen und Support f\u00fcr den Einstieg an.<\/p>\n<h3 class=\"font-claude-response-body whitespace-normal break-words\"><strong>Werden unsere Mitarbeiter sich gegen digitale Schulungen wehren?<\/strong><\/h3>\n<p class=\"font-claude-response-body whitespace-normal break-words\">Ein anf\u00e4nglicher Widerstand ist normal, l\u00e4sst jedoch in der Regel schnell nach, sobald die Mitarbeiter die Vorteile und die Flexibilit\u00e4t erkennen. Der durch E-Learning erzielte Anstieg der Mitarbeiterbindung um 18 % l\u00e4sst darauf schlie\u00dfen, dass die meisten Mitarbeiter gut konzipierte digitale Schulungen bevorzugen, sobald sie diese einmal ausprobiert haben.<\/p>\n\n<h3 class=\"font-claude-response-body whitespace-normal break-words\"><strong>K\u00f6nnen wir hochspezialisierte oder praxisorientierte Schulungen digitalisieren?<\/strong><\/h3>\n<p class=\"font-claude-response-body whitespace-normal break-words\">Ja, durch gemischte Ans\u00e4tze. Nutzen Sie digitale Schulungen f\u00fcr Wissen, Theorie und Verfahren und reservieren Sie die Pr\u00e4senzzeit ausschlie\u00dflich f\u00fcr praktische \u00dcbungen. Dies maximiert die Effizienz und bewahrt gleichzeitig die notwendigen praktischen Elemente.<\/p>\n<h3 class=\"font-claude-response-body whitespace-normal break-words\"><strong>Wie messen wir Erfolg?<\/strong><\/h3>\n<p class=\"font-claude-response-body whitespace-normal break-words\">Verfolgen Sie Abschlussquoten, Bewertungsergebnisse, Zeitersparnisse, Kostensenkungen und Gesch\u00e4ftskennzahlen wie Leistungsverbesserungen oder Fehlerreduzierungen. Die meisten Plattformen bieten integrierte Analysefunktionen, um diese Faktoren automatisch zu messen.<\/p>\n\t\t\t\t\t\t\t\t<\/div>\n\t\t\t\t<\/div>\n\t\t\t\t\t<\/div>\n\t\t<\/div>\n\t\t\t\t\t<\/div>\n\t\t<\/section>\n\t\t\t\t<\/div>","protected":false},"excerpt":{"rendered":"<p>Frequently Asked Questions How long does training digitalization take? The timeline depends on the complexity, the number of modules, and if the text is delivered or must be created by us: Rush production is available for a small fee, reducing timelines by 30-40%. Do you need me to write all the content? No! We can [&hellip;]<\/p>","protected":false},"author":1,"featured_media":0,"parent":0,"menu_order":0,"comment_status":"closed","ping_status":"closed","template":"","meta":{"advgb_blocks_editor_width":"","advgb_blocks_columns_visual_guide":"","footnotes":""},"class_list":["post-12853","page","type-page","status-publish","hentry"],"blocksy_meta":[],"yoast_head":"<!-- This site is optimized with the Yoast SEO plugin v27.4 - https:\/\/yoast.com\/product\/yoast-seo-wordpress\/ -->\n<title>FAQ - Automated Training<\/title>\n<meta name=\"description\" content=\"Frequently Asked Questions related to the training and knowledge digitalization process and procedures\" \/>\n<meta name=\"robots\" content=\"index, follow, max-snippet:-1, max-image-preview:large, max-video-preview:-1\" \/>\n<link rel=\"canonical\" href=\"https:\/\/automated-training.com\/de\/frequently-asked-questions\/\" \/>\n<meta property=\"og:locale\" content=\"de_DE\" \/>\n<meta property=\"og:type\" content=\"article\" \/>\n<meta property=\"og:title\" content=\"FAQ - Automated Training\" \/>\n<meta property=\"og:description\" content=\"Frequently Asked Questions related to the training and knowledge digitalization process and procedures\" \/>\n<meta property=\"og:url\" content=\"https:\/\/automated-training.com\/de\/frequently-asked-questions\/\" \/>\n<meta property=\"og:site_name\" content=\"Automated Training\" \/>\n<meta property=\"article:modified_time\" content=\"2025-12-04T15:38:58+00:00\" \/>\n<meta name=\"twitter:card\" content=\"summary_large_image\" \/>\n<meta name=\"twitter:label1\" content=\"Gesch\u00e4tzte Lesezeit\" \/>\n\t<meta name=\"twitter:data1\" content=\"3\u00a0Minuten\" \/>\n<script type=\"application\/ld+json\" class=\"yoast-schema-graph\">{\"@context\":\"https:\\\/\\\/schema.org\",\"@graph\":[{\"@type\":\"WebPage\",\"@id\":\"https:\\\/\\\/automated-training.com\\\/de\\\/frequently-asked-questions\\\/\",\"url\":\"https:\\\/\\\/automated-training.com\\\/de\\\/frequently-asked-questions\\\/\",\"name\":\"FAQ - Automated Training\",\"isPartOf\":{\"@id\":\"https:\\\/\\\/automated-training.com\\\/de\\\/#website\"},\"datePublished\":\"2025-11-19T12:21:56+00:00\",\"dateModified\":\"2025-12-04T15:38:58+00:00\",\"description\":\"Frequently Asked Questions related to the training and knowledge digitalization process and procedures\",\"breadcrumb\":{\"@id\":\"https:\\\/\\\/automated-training.com\\\/de\\\/frequently-asked-questions\\\/#breadcrumb\"},\"inLanguage\":\"de\",\"potentialAction\":[{\"@type\":\"ReadAction\",\"target\":[\"https:\\\/\\\/automated-training.com\\\/de\\\/frequently-asked-questions\\\/\"]}]},{\"@type\":\"BreadcrumbList\",\"@id\":\"https:\\\/\\\/automated-training.com\\\/de\\\/frequently-asked-questions\\\/#breadcrumb\",\"itemListElement\":[{\"@type\":\"ListItem\",\"position\":1,\"name\":\"Home\",\"item\":\"https:\\\/\\\/automated-training.com\\\/de\\\/\"},{\"@type\":\"ListItem\",\"position\":2,\"name\":\"FAQ\"}]},{\"@type\":\"WebSite\",\"@id\":\"https:\\\/\\\/automated-training.com\\\/de\\\/#website\",\"url\":\"https:\\\/\\\/automated-training.com\\\/de\\\/\",\"name\":\"Automated Training\",\"description\":\"Digital Training Company\",\"publisher\":{\"@id\":\"https:\\\/\\\/automated-training.com\\\/de\\\/#organization\"},\"potentialAction\":[{\"@type\":\"SearchAction\",\"target\":{\"@type\":\"EntryPoint\",\"urlTemplate\":\"https:\\\/\\\/automated-training.com\\\/de\\\/?s={search_term_string}\"},\"query-input\":{\"@type\":\"PropertyValueSpecification\",\"valueRequired\":true,\"valueName\":\"search_term_string\"}}],\"inLanguage\":\"de\"},{\"@type\":\"Organization\",\"@id\":\"https:\\\/\\\/automated-training.com\\\/de\\\/#organization\",\"name\":\"Automated Training\",\"url\":\"https:\\\/\\\/automated-training.com\\\/de\\\/\",\"logo\":{\"@type\":\"ImageObject\",\"inLanguage\":\"de\",\"@id\":\"https:\\\/\\\/automated-training.com\\\/de\\\/#\\\/schema\\\/logo\\\/image\\\/\",\"url\":\"https:\\\/\\\/automated-training.com\\\/wp-content\\\/uploads\\\/2022\\\/05\\\/Automated-Training-transparent.png\",\"contentUrl\":\"https:\\\/\\\/automated-training.com\\\/wp-content\\\/uploads\\\/2022\\\/05\\\/Automated-Training-transparent.png\",\"width\":2300,\"height\":1600,\"caption\":\"Automated Training\"},\"image\":{\"@id\":\"https:\\\/\\\/automated-training.com\\\/de\\\/#\\\/schema\\\/logo\\\/image\\\/\"}}]}<\/script>\n<!-- \/ Yoast SEO plugin. -->","yoast_head_json":{"title":"FAQ - Automated Training","description":"Frequently Asked Questions related to the training and knowledge digitalization process and procedures","robots":{"index":"index","follow":"follow","max-snippet":"max-snippet:-1","max-image-preview":"max-image-preview:large","max-video-preview":"max-video-preview:-1"},"canonical":"https:\/\/automated-training.com\/de\/frequently-asked-questions\/","og_locale":"de_DE","og_type":"article","og_title":"FAQ - Automated Training","og_description":"Frequently Asked Questions related to the training and knowledge digitalization process and procedures","og_url":"https:\/\/automated-training.com\/de\/frequently-asked-questions\/","og_site_name":"Automated Training","article_modified_time":"2025-12-04T15:38:58+00:00","twitter_card":"summary_large_image","twitter_misc":{"Gesch\u00e4tzte Lesezeit":"3\u00a0Minuten"},"schema":{"@context":"https:\/\/schema.org","@graph":[{"@type":"WebPage","@id":"https:\/\/automated-training.com\/de\/frequently-asked-questions\/","url":"https:\/\/automated-training.com\/de\/frequently-asked-questions\/","name":"FAQ - Automated Training","isPartOf":{"@id":"https:\/\/automated-training.com\/de\/#website"},"datePublished":"2025-11-19T12:21:56+00:00","dateModified":"2025-12-04T15:38:58+00:00","description":"Frequently Asked Questions related to the training and knowledge digitalization process and procedures","breadcrumb":{"@id":"https:\/\/automated-training.com\/de\/frequently-asked-questions\/#breadcrumb"},"inLanguage":"de","potentialAction":[{"@type":"ReadAction","target":["https:\/\/automated-training.com\/de\/frequently-asked-questions\/"]}]},{"@type":"BreadcrumbList","@id":"https:\/\/automated-training.com\/de\/frequently-asked-questions\/#breadcrumb","itemListElement":[{"@type":"ListItem","position":1,"name":"Home","item":"https:\/\/automated-training.com\/de\/"},{"@type":"ListItem","position":2,"name":"FAQ"}]},{"@type":"WebSite","@id":"https:\/\/automated-training.com\/de\/#website","url":"https:\/\/automated-training.com\/de\/","name":"Automated Training","description":"Digital Training Company","publisher":{"@id":"https:\/\/automated-training.com\/de\/#organization"},"potentialAction":[{"@type":"SearchAction","target":{"@type":"EntryPoint","urlTemplate":"https:\/\/automated-training.com\/de\/?s={search_term_string}"},"query-input":{"@type":"PropertyValueSpecification","valueRequired":true,"valueName":"search_term_string"}}],"inLanguage":"de"},{"@type":"Organization","@id":"https:\/\/automated-training.com\/de\/#organization","name":"Automated Training","url":"https:\/\/automated-training.com\/de\/","logo":{"@type":"ImageObject","inLanguage":"de","@id":"https:\/\/automated-training.com\/de\/#\/schema\/logo\/image\/","url":"https:\/\/automated-training.com\/wp-content\/uploads\/2022\/05\/Automated-Training-transparent.png","contentUrl":"https:\/\/automated-training.com\/wp-content\/uploads\/2022\/05\/Automated-Training-transparent.png","width":2300,"height":1600,"caption":"Automated Training"},"image":{"@id":"https:\/\/automated-training.com\/de\/#\/schema\/logo\/image\/"}}]}},"coauthors":[],"author_meta":{"author_link":"https:\/\/automated-training.com\/de\/author\/tauandreea8\/","display_name":"andreea"},"relative_dates":{"created":"Posted 5\u00a0Monaten ago","modified":"Updated 4\u00a0Monaten ago"},"absolute_dates":{"created":"Posted on November 19, 2025","modified":"Updated on Dezember 4, 2025"},"absolute_dates_time":{"created":"Posted on November 19, 2025 12:21 p.m.","modified":"Updated on Dezember 4, 2025 3:38 p.m."},"featured_img_caption":"","featured_img":false,"series_order":"","_links":{"self":[{"href":"https:\/\/automated-training.com\/de\/wp-json\/wp\/v2\/pages\/12853","targetHints":{"allow":["GET"]}}],"collection":[{"href":"https:\/\/automated-training.com\/de\/wp-json\/wp\/v2\/pages"}],"about":[{"href":"https:\/\/automated-training.com\/de\/wp-json\/wp\/v2\/types\/page"}],"author":[{"embeddable":true,"href":"https:\/\/automated-training.com\/de\/wp-json\/wp\/v2\/users\/1"}],"replies":[{"embeddable":true,"href":"https:\/\/automated-training.com\/de\/wp-json\/wp\/v2\/comments?post=12853"}],"version-history":[{"count":5,"href":"https:\/\/automated-training.com\/de\/wp-json\/wp\/v2\/pages\/12853\/revisions"}],"predecessor-version":[{"id":13237,"href":"https:\/\/automated-training.com\/de\/wp-json\/wp\/v2\/pages\/12853\/revisions\/13237"}],"wp:attachment":[{"href":"https:\/\/automated-training.com\/de\/wp-json\/wp\/v2\/media?parent=12853"}],"curies":[{"name":"wp","href":"https:\/\/api.w.org\/{rel}","templated":true}]}}